{"id":21684,"date":"2017-03-07T20:35:15","date_gmt":"2017-03-07T20:35:15","guid":{"rendered":"http:\/\/c-oms-unternehmensberatung.de\/?page_id=21684"},"modified":"2017-03-08T19:08:12","modified_gmt":"2017-03-08T19:08:12","slug":"kompetenzen_lagerverwaltung","status":"publish","type":"page","link":"https:\/\/c-oms-unternehmensberatung.de\/en\/kompetenzen_lagerverwaltung","title":{"rendered":"Kompetenzen_Lagerverwaltung"},"content":{"rendered":"<div class=\"wpb-content-wrapper\"><p>[vc_row row_type=&#8221;row&#8221; use_row_as_full_screen_section=&#8221;no&#8221; type=&#8221;full_width&#8221; text_align=&#8221;left&#8221; css_animation=&#8221;&#8221;][vc_column][vc_empty_space][\/vc_column][\/vc_row][vc_row row_type=&#8221;row&#8221; use_row_as_full_screen_section=&#8221;yes&#8221; type=&#8221;grid&#8221; text_align=&#8221;left&#8221; background_color=&#8221;#002856&#8243; css_animation=&#8221;&#8221;][vc_column][vc_column_text]<\/p>\n<h1><span style=\"color: #ffffff;\">Kompetenzen<\/span><\/h1>\n<p>[\/vc_column_text][\/vc_column][\/vc_row][vc_row row_type=&#8221;row&#8221; use_row_as_full_screen_section=&#8221;no&#8221; type=&#8221;full_width&#8221; text_align=&#8221;left&#8221; css_animation=&#8221;&#8221;][vc_column][vc_empty_space][\/vc_column][\/vc_row][vc_row row_type=&#8221;row&#8221; use_row_as_full_screen_section=&#8221;no&#8221; type=&#8221;full_width&#8221; text_align=&#8221;left&#8221; css_animation=&#8221;&#8221;][vc_column offset=&#8221;vc_hidden-xs&#8221;][vc_column_text]<\/p>\n<h1 id=\"\u201ckompetenzen\u201c\" style=\"text-align: center;\">Unsere Kompetenzen<\/h1>\n<p>[\/vc_column_text][\/vc_column][\/vc_row][vc_row row_type=&#8221;row&#8221; use_row_as_full_screen_section=&#8221;no&#8221; type=&#8221;full_width&#8221; text_align=&#8221;left&#8221; css_animation=&#8221;&#8221;][vc_column][vc_empty_space][\/vc_column][\/vc_row][vc_row row_type=&#8221;row&#8221; use_row_as_full_screen_section=&#8221;no&#8221; type=&#8221;full_width&#8221; text_align=&#8221;left&#8221; css_animation=&#8221;&#8221;][vc_column][vc_column_text]<\/p>\n<h3 style=\"text-align: center;\">Sehen Sie sich unsere Kompetenzen im Detail an<\/h3>\n<p>[\/vc_column_text][\/vc_column][\/vc_row][vc_row row_type=&#8221;row&#8221; use_row_as_full_screen_section=&#8221;no&#8221; type=&#8221;full_width&#8221; text_align=&#8221;left&#8221; css_animation=&#8221;&#8221;][vc_column][vc_empty_space][\/vc_column][\/vc_row][vc_row row_type=&#8221;row&#8221; use_row_as_full_screen_section=&#8221;yes&#8221; type=&#8221;grid&#8221; text_align=&#8221;left&#8221; css_animation=&#8221;&#8221;][vc_column][vc_accordion active_tab=&#8221;4&#8243; collapsible=&#8221;yes&#8221; style=&#8221;boxed_accordion&#8221;][vc_accordion_tab title=&#8221;Integrations- und Schnittstellenmanagement&#8221; background_color=&#8221;#00af41&#8243;][vc_column_text]Wir sorgen <a name=\"kompetenzen1\"><\/a> daf\u00fcr, dass Ihre Prozesse, Ihr SAP-System und Ihre weitere IT-Landschaft ideal aufeinander abgestimmt ist. Im Zuge des Business-IT-Alignments bewerten wir gemeinsam mit Ihnen Ihre Prozesse, leiten daraus Systemanforderungen ab und setzen diese konsequent um. Die Integration der Systemlandschaft in das SAP-System ist dabei ein wichtiges Ziel und wird mit m\u00f6glichst einfachen Mitteln umgesetzt. Innerhalb des SAP-Systems legen wir besonderen Wert auf die modul\u00fcbergreifende Integration Ihrer Prozesse, um die optimale Nutzung des Systems in allen Unternehmensbereichen zu gew\u00e4hrleisten.[\/vc_column_text][\/vc_accordion_tab][vc_accordion_tab title=&#8221;Materialwirtschaft&#8221; background_color=&#8221;#00af41&#8243; el_id=&#8221;#Am&#8221;][vc_column_text]<a name=\"Am\"><\/a>Am Anfang der logistischen Kette steht der Einkauf von Rohstoffen. Die M\u00f6glichkeiten sind vielf\u00e4ltig. Wir unterst\u00fctzen Sie bei Angeboten, Rahmenvertragsbeschaffungen, Lieferpl\u00e4nen, Umlagerungen und dem klassischen Einkaufsprozess. Anschlie\u00dfend sorgen wir mit Ihnen f\u00fcr eine ordnungsgem\u00e4\u00dfe Bestandsf\u00fchrung in allen Bestandsarten und Sonderbest\u00e4nden. Schlie\u00dflich unterst\u00fctzen wir Sie bei der Inventur, unabh\u00e4ngig davon, ob Sie die Stichtagsinventur, die permanente Inventur oder Cycle-Counting nutzen. Au\u00dferdem beraten wir Sie gern bei der Nutzung der Auswertem\u00f6glichkeiten im SAP ECC.[\/vc_column_text][\/vc_accordion_tab][vc_accordion_tab title=&#8221;Instandhaltung SAP PM&#8221; background_color=&#8221;#00af41&#8243;][vc_column_text]Eine gut geplante Instandhaltung ist der Schl\u00fcssel zu einer effizienten und st\u00f6rungsfreien Produktion. Wir erstellen mit Ihnen zusammen Instandhaltungsprozesse und richten diese im System ein, so dass Sie stets einen genauen \u00dcberblick \u00fcber die geplanten und st\u00f6rungsbedingten Instandhaltungen in Ihrem Unternehmen haben. Bei der Strukturierung der Instandhaltung k\u00f6nnen wir das gesamte Portfolio von der einfachen Verwaltung von Equipments bis hin zu komplexen technischen Strukturen abbilden.[\/vc_column_text][\/vc_accordion_tab][vc_accordion_tab title=&#8221;Lagerverwaltung\/Versand SAP LES\/WM&#8221; background_color=&#8221;#00af41&#8243;][vc_column_text]Wenn die Bestandsf\u00fchrung im MM-IM nicht mehr ausreicht, um das Material platzgenau zu verwalten, beraten wir Sie in der Nutzung des Warehouse Management Systems. Unser Portfolio enth\u00e4lt vom Erstellen einer einfachen Lagerstruktur \u00fcber die Nutzung mobiler L\u00f6sungen bis hin zu der Anbindung von dezentralen Systemen in verschiedenen Auspr\u00e4gungen das gesamte Spektrum des Warehouse Managements. Nat\u00fcrlich liegt unser Fokus hier auch auf der Inventur, unabh\u00e4ngig vom Inventurverfahren, das Sie nutzen. Durch die Einbettung der Lagerverwaltung beherrschen wir selbstverst\u00e4ndlich auch die Schnittstellen in Richtung MM, QM, PP und SD.[\/vc_column_text][\/vc_accordion_tab][vc_accordion_tab title=&#8221;Projektsystem SAP PS&#8221; background_color=&#8221;#00af41&#8243;][vc_column_text]Komplexe Projekt erfordern eigene Strukturen im SAP-System. Hierzu bietet das SAP PS die ideale Ausgestaltungsm\u00f6glichkeit. Wir entwerfen mit Ihnen zusammen die f\u00fcr Sie idealen Projektstrukturen und sorgen somit daf\u00fcr, dass die logistische Kette im Kontext des Projekts ideal funktioniert.[\/vc_column_text][\/vc_accordion_tab][vc_accordion_tab title=&#8221;Produktionsplanung und Fertigungssteuerung SAP PP&#8221; background_color=&#8221;#00af41&#8243;][vc_column_text]SAP PP ist f\u00fcr produzierende Unternehmen das zentrale Modul. Von hier aus optimieren wir mit Ihnen die gesamte logistische Planung. Von der Absatzplanung \u00fcber die Bedarfsplanung bis hin zur Fertigungssteuerung sind wir Ihre kompetente Unterst\u00fctzung im Design Ihrer Prozesse und der konsequenten Umsetzung im System. Dabei haben wir immer ein Blick auf die umliegenden Prozesse anderer Module (z.B. QM). Wichtig ist uns der Blick \u00fcber den Tellerrand hinaus. Zu einer effektiven Planung und Steuerung geh\u00f6rt u.a. auch eine bedarfsgerechte Produktionsversorgung, die wir auf allen vom System gebotenen Wegen beherrschen. Nat\u00fcrlich ist KANBAN in diesem Zusammenhang kein Neuland f\u00fcr uns. In der heutigen Welt der produzierenden Unternehmen ist es \u00fcblich, dass BDE- oder MES-Systeme genutzt werden. Eine Anbindung an SAP erh\u00f6ht dabei die Transparenz und erleichtert die Nutzung verschiedener Systeme. Wir beraten Sie Sie gern bei der Anbindung Ihrer Drittsysteme an Ihr SAP-System.[\/vc_column_text][\/vc_accordion_tab][vc_accordion_tab title=&#8221;Evaluation von SAP-Kenntnissen Ihrer Bewerber&#8221; background_color=&#8221;#00af41&#8243;][vc_column_text]Sie wollen neue Mitarbeiter einstellen, bei denen die Nutzung von SAP zum Alltag geh\u00f6rt. Deshalb soll der Bewerber idealer Weise schon SAP-Kenntnisse vorweisen k\u00f6nnen. Leider sind Zertifikate oder Aussagen des Bewerbers oftmals kein verl\u00e4ssliches Kriterium bei der Evaluation von SAP-Kenntnissen. Wir bieten Ihnen eine \u00dcberpr\u00fcfung der Kenntnisse w\u00e4hrend des Bewerbungsprozesses. Dazu erstellen wir mit Ihnen gemeinsam ein ma\u00dfgeschneidertes Anforderungsprofil, anhand dessen wir dann gem\u00e4\u00df Ihren W\u00fcnschen anhand eines Fragebogens, eines Gespr\u00e4chs oder einer Aufgabe in Ihrem SAP-Testsystem die SAP-Kenntnisse Ihrer Bewerber \u00fcberpr\u00fcfen.[\/vc_column_text][\/vc_accordion_tab][\/vc_accordion][\/vc_column][\/vc_row][vc_row row_type=&#8221;row&#8221; use_row_as_full_screen_section=&#8221;no&#8221; type=&#8221;full_width&#8221; text_align=&#8221;left&#8221; css_animation=&#8221;&#8221;][vc_column][vc_empty_space][\/vc_column][\/vc_row][vc_row row_type=&#8221;row&#8221; use_row_as_full_screen_section=&#8221;no&#8221; type=&#8221;full_width&#8221; text_align=&#8221;left&#8221; css_animation=&#8221;&#8221;][vc_column][rev_slider_vc alias=&#8221;unternehmen&#8221;][\/vc_column][\/vc_row][vc_row row_type=&#8221;row&#8221; use_row_as_full_screen_section=&#8221;no&#8221; type=&#8221;full_width&#8221; text_align=&#8221;left&#8221; css_animation=&#8221;&#8221;][vc_column][vc_empty_space][\/vc_column][\/vc_row][vc_row row_type=&#8221;row&#8221; use_row_as_full_screen_section=&#8221;yes&#8221; type=&#8221;full_width&#8221; text_align=&#8221;left&#8221; css_animation=&#8221;&#8221;][vc_column offset=&#8221;vc_hidden-xs&#8221;][vc_column_text]<\/p>\n<h1 style=\"text-align: center;\">Unsere Branchenkenntnisse<\/h1>\n<p>[\/vc_column_text][\/vc_column][\/vc_row][vc_row row_type=&#8221;row&#8221; use_row_as_full_screen_section=&#8221;no&#8221; type=&#8221;full_width&#8221; text_align=&#8221;left&#8221; css_animation=&#8221;&#8221;][vc_column][vc_empty_space][\/vc_column][\/vc_row][vc_row row_type=&#8221;row&#8221; use_row_as_full_screen_section=&#8221;no&#8221; type=&#8221;full_width&#8221; text_align=&#8221;left&#8221; css_animation=&#8221;&#8221;][vc_column][vc_column_text]<\/p>\n<h3 style=\"text-align: center;\">Unsere Branchenkenntnisse im Detail<\/h3>\n<p>[\/vc_column_text][\/vc_column][\/vc_row][vc_row row_type=&#8221;row&#8221; use_row_as_full_screen_section=&#8221;no&#8221; type=&#8221;full_width&#8221; text_align=&#8221;left&#8221; css_animation=&#8221;&#8221;][vc_column][vc_empty_space][\/vc_column][\/vc_row][vc_row row_type=&#8221;row&#8221; use_row_as_full_screen_section=&#8221;no&#8221; type=&#8221;grid&#8221; text_align=&#8221;left&#8221; css_animation=&#8221;&#8221;][vc_column][vc_accordion active_tab=&#8221;&#8221; collapsible=&#8221;yes&#8221; style=&#8221;boxed_accordion&#8221;][vc_accordion_tab title=&#8221;Defense Forces &amp; Public Security&#8221; background_color=&#8221;#00af41&#8243;][vc_column_text]Durch die langen Erfahrungen in der SAP-Beratung bei der Deutschen Bundeswehr sind wir in der Industry Solution Defense Forces and Public Security zu Hause. Egal ob Materialwirtschaft, Lagerf\u00fchrung oder Instandhaltung zu Wasser, zu Land und in der Luft, wir haben in allen wesentlichen Roll-Out Projekten mitgewirkt.[\/vc_column_text][\/vc_accordion_tab][vc_accordion_tab title=&#8221;Luft- und Raumfahrt&#8221; background_color=&#8221;#00af41&#8243;][vc_column_text]Die Besonderheiten der Luft- und Raumfahrtbranche sind uns nicht fremd. Besonders der Aufbau von Masterpartslisten und weitere Luftfahrtspezifika haben wir mehrfach erfolgreich in SAP umgesetzt. Bei den Projektstrukturen im SAP Projektsystem k\u00f6nnen wir ebenso beraten wie bei der Umsetzung der logistischen Kette f\u00fcr die Produktion oder Instandhaltung von Luftfahrzeugen. Die Besonderheiten in den Dokumentationspflichten haben wir dabei stets im Auge und optimieren die Prozesse entsprechend der Gesetzeslage.[\/vc_column_text][\/vc_accordion_tab][vc_accordion_tab title=&#8221;Konsumg\u00fcter&#8221; background_color=&#8221;#00af41&#8243;][vc_column_text]Anonyme Lagerfertigung in variablen St\u00fcckzahlen. Das macht die Konsumg\u00fcterbranche aus. Hier sind wir besonders in der Abbildung der logistischen Prozesse vom Einkauf \u00fcber die Disposition, Produktion, Lagerverwaltung bis zum Versand mehrfach praxiserprobt. Die Instandhaltung der eingesetzten Produktionsmittel ist ebenfalls einer unserer Schwerpunkt in dieser Branche. Die Integration von BDE- oder MES-Systemen in der Fertigung sowie externen WMS in der Lagerverwaltung sind Themen, die von uns in den Prozess eingebettet und in SAP zielgerichtet umgesetzt werden.[\/vc_column_text][\/vc_accordion_tab][vc_accordion_tab title=&#8221;Maschinenbau&#8221; background_color=&#8221;#00af41&#8243;][vc_column_text]Egal ob eine Kleinserienfertigung mit anonymer Fertigung oder im Kundeneinzelbestand oder die kundenindividuelle Projektfertigung, in dieser Branche haben wir viele Erfahrungen sammeln k\u00f6nnen und beraten Sie deshalb gerne bei der zielgerichteten Umsetzung Ihrer Anforderungen im SAP-System. Die Integration von BDE- oder MES-Systemen in der Fertigung sowie externen WMS in der Lagerverwaltung sind Themen, die von uns in den Prozess eingebettet und in SAP zielgerichtet umgesetzt werden.[\/vc_column_text][\/vc_accordion_tab][vc_accordion_tab title=&#8221;Lagerlogistik&#8221; background_color=&#8221;#00af41&#8243;][vc_column_text]Schneller Umschlag ohne Zeitverlust sind unser Fokus bei der Lageroptimierung. Von der Erarbeitung der zielf\u00fchrenden Lagersystematik bis hin zu Cross-Docking und Anbindung externer WMS oder mobiler Datenerfassungsl\u00f6sungen unterst\u00fctzen wir Sie gern mit unserem Fachwissen und unseren Erfahrungen.[\/vc_column_text][\/vc_accordion_tab][\/vc_accordion][\/vc_column][\/vc_row][vc_row row_type=&#8221;row&#8221; use_row_as_full_screen_section=&#8221;no&#8221; type=&#8221;full_width&#8221; text_align=&#8221;left&#8221; css_animation=&#8221;&#8221;][vc_column][vc_empty_space][\/vc_column][\/vc_row]<\/p>\n<\/div>","protected":false},"excerpt":{"rendered":"<p>[vc_row row_type=&#8221;row&#8221; use_row_as_full_screen_section=&#8221;no&#8221; type=&#8221;full_width&#8221; text_align=&#8221;left&#8221; css_animation=&#8221;&#8221;][vc_column][vc_empty_space][\/vc_column][\/vc_row][vc_row row_type=&#8221;row&#8221; use_row_as_full_screen_section=&#8221;yes&#8221; type=&#8221;grid&#8221; text_align=&#8221;left&#8221; background_color=&#8221;#002856&#8243; css_animation=&#8221;&#8221;][vc_column][vc_column_text] Kompetenzen [\/vc_column_text][\/vc_column][\/vc_row][vc_row row_type=&#8221;row&#8221; use_row_as_full_screen_section=&#8221;no&#8221; type=&#8221;full_width&#8221; text_align=&#8221;left&#8221; css_animation=&#8221;&#8221;][vc_column][vc_empty_space][\/vc_column][\/vc_row][vc_row row_type=&#8221;row&#8221; use_row_as_full_screen_section=&#8221;no&#8221; type=&#8221;full_width&#8221; text_align=&#8221;left&#8221; css_animation=&#8221;&#8221;][vc_column offset=&#8221;vc_hidden-xs&#8221;][vc_column_text] Unsere Kompetenzen [\/vc_column_text][\/vc_column][\/vc_row][vc_row row_type=&#8221;row&#8221; use_row_as_full_screen_section=&#8221;no&#8221; type=&#8221;full_width&#8221; text_align=&#8221;left&#8221; css_animation=&#8221;&#8221;][vc_column][vc_empty_space][\/vc_column][\/vc_row][vc_row row_type=&#8221;row&#8221; use_row_as_full_screen_section=&#8221;no&#8221; type=&#8221;full_width&#8221; text_align=&#8221;left&#8221; css_animation=&#8221;&#8221;][vc_column][vc_column_text] Sehen Sie sich unsere Kompetenzen im Detail&#8230;<\/p>\n","protected":false},"author":1,"featured_media":0,"parent":0,"menu_order":0,"comment_status":"closed","ping_status":"closed","template":"full_width.php","meta":[],"yoast_head":"<!-- This site is optimized with the Yoast SEO plugin v21.7 - https:\/\/yoast.com\/wordpress\/plugins\/seo\/ -->\n<title>Kompetenzen_Lagerverwaltung - c-oms<\/title>\n<meta name=\"robots\" content=\"index, follow, max-snippet:-1, max-image-preview:large, max-video-preview:-1\" \/>\n<link rel=\"canonical\" href=\"https:\/\/c-oms-unternehmensberatung.de\/kompetenzen_lagerverwaltung\" \/>\n<meta property=\"og:locale\" content=\"en_US\" \/>\n<meta property=\"og:type\" content=\"article\" \/>\n<meta property=\"og:title\" content=\"Kompetenzen_Lagerverwaltung - c-oms\" \/>\n<meta property=\"og:description\" content=\"[vc_row row_type=&#8221;row&#8221; use_row_as_full_screen_section=&#8221;no&#8221; type=&#8221;full_width&#8221; text_align=&#8221;left&#8221; css_animation=&#8221;&#8221;][vc_column][vc_empty_space][\/vc_column][\/vc_row][vc_row row_type=&#8221;row&#8221; use_row_as_full_screen_section=&#8221;yes&#8221; type=&#8221;grid&#8221; text_align=&#8221;left&#8221; background_color=&#8221;#002856&#8243; css_animation=&#8221;&#8221;][vc_column][vc_column_text] Kompetenzen [\/vc_column_text][\/vc_column][\/vc_row][vc_row row_type=&#8221;row&#8221; use_row_as_full_screen_section=&#8221;no&#8221; type=&#8221;full_width&#8221; text_align=&#8221;left&#8221; css_animation=&#8221;&#8221;][vc_column][vc_empty_space][\/vc_column][\/vc_row][vc_row row_type=&#8221;row&#8221; use_row_as_full_screen_section=&#8221;no&#8221; type=&#8221;full_width&#8221; text_align=&#8221;left&#8221; css_animation=&#8221;&#8221;][vc_column offset=&#8221;vc_hidden-xs&#8221;][vc_column_text] Unsere Kompetenzen [\/vc_column_text][\/vc_column][\/vc_row][vc_row row_type=&#8221;row&#8221; use_row_as_full_screen_section=&#8221;no&#8221; type=&#8221;full_width&#8221; text_align=&#8221;left&#8221; css_animation=&#8221;&#8221;][vc_column][vc_empty_space][\/vc_column][\/vc_row][vc_row row_type=&#8221;row&#8221; use_row_as_full_screen_section=&#8221;no&#8221; type=&#8221;full_width&#8221; text_align=&#8221;left&#8221; css_animation=&#8221;&#8221;][vc_column][vc_column_text] Sehen Sie sich unsere Kompetenzen im Detail...\" \/>\n<meta property=\"og:url\" content=\"https:\/\/c-oms-unternehmensberatung.de\/kompetenzen_lagerverwaltung\" \/>\n<meta property=\"og:site_name\" content=\"c-oms\" \/>\n<meta property=\"article:modified_time\" content=\"2017-03-08T19:08:12+00:00\" \/>\n<meta name=\"twitter:card\" content=\"summary_large_image\" \/>\n<meta name=\"twitter:label1\" content=\"Est. reading time\" \/>\n\t<meta name=\"twitter:data1\" content=\"8 minutes\" \/>\n<script type=\"application\/ld+json\" class=\"yoast-schema-graph\">{\"@context\":\"https:\/\/schema.org\",\"@graph\":[{\"@type\":\"WebPage\",\"@id\":\"https:\/\/c-oms-unternehmensberatung.de\/kompetenzen_lagerverwaltung\",\"url\":\"https:\/\/c-oms-unternehmensberatung.de\/kompetenzen_lagerverwaltung\",\"name\":\"Kompetenzen_Lagerverwaltung - c-oms\",\"isPartOf\":{\"@id\":\"https:\/\/c-oms-unternehmensberatung.de\/#website\"},\"datePublished\":\"2017-03-07T20:35:15+00:00\",\"dateModified\":\"2017-03-08T19:08:12+00:00\",\"breadcrumb\":{\"@id\":\"https:\/\/c-oms-unternehmensberatung.de\/kompetenzen_lagerverwaltung#breadcrumb\"},\"inLanguage\":\"en-US\",\"potentialAction\":[{\"@type\":\"ReadAction\",\"target\":[\"https:\/\/c-oms-unternehmensberatung.de\/kompetenzen_lagerverwaltung\"]}]},{\"@type\":\"BreadcrumbList\",\"@id\":\"https:\/\/c-oms-unternehmensberatung.de\/kompetenzen_lagerverwaltung#breadcrumb\",\"itemListElement\":[{\"@type\":\"ListItem\",\"position\":1,\"name\":\"Startseite\",\"item\":\"https:\/\/c-oms-unternehmensberatung.de\/\"},{\"@type\":\"ListItem\",\"position\":2,\"name\":\"Kompetenzen_Lagerverwaltung\"}]},{\"@type\":\"WebSite\",\"@id\":\"https:\/\/c-oms-unternehmensberatung.de\/#website\",\"url\":\"https:\/\/c-oms-unternehmensberatung.de\/\",\"name\":\"c-oms\",\"description\":\"Unternehmensberatung\",\"publisher\":{\"@id\":\"https:\/\/c-oms-unternehmensberatung.de\/#organization\"},\"potentialAction\":[{\"@type\":\"SearchAction\",\"target\":{\"@type\":\"EntryPoint\",\"urlTemplate\":\"https:\/\/c-oms-unternehmensberatung.de\/?s={search_term_string}\"},\"query-input\":\"required name=search_term_string\"}],\"inLanguage\":\"en-US\"},{\"@type\":\"Organization\",\"@id\":\"https:\/\/c-oms-unternehmensberatung.de\/#organization\",\"name\":\"C-OMS\",\"url\":\"https:\/\/c-oms-unternehmensberatung.de\/\",\"logo\":{\"@type\":\"ImageObject\",\"inLanguage\":\"en-US\",\"@id\":\"https:\/\/c-oms-unternehmensberatung.de\/#\/schema\/logo\/image\/\",\"url\":\"https:\/\/c-oms-unternehmensberatung.de\/wp-content\/uploads\/2017\/01\/Unbenannt-2.png\",\"contentUrl\":\"https:\/\/c-oms-unternehmensberatung.de\/wp-content\/uploads\/2017\/01\/Unbenannt-2.png\",\"width\":710,\"height\":330,\"caption\":\"C-OMS\"},\"image\":{\"@id\":\"https:\/\/c-oms-unternehmensberatung.de\/#\/schema\/logo\/image\/\"}}]}<\/script>\n<!-- \/ Yoast SEO plugin. -->","yoast_head_json":{"title":"Kompetenzen_Lagerverwaltung - c-oms","robots":{"index":"index","follow":"follow","max-snippet":"max-snippet:-1","max-image-preview":"max-image-preview:large","max-video-preview":"max-video-preview:-1"},"canonical":"https:\/\/c-oms-unternehmensberatung.de\/kompetenzen_lagerverwaltung","og_locale":"en_US","og_type":"article","og_title":"Kompetenzen_Lagerverwaltung - c-oms","og_description":"[vc_row row_type=&#8221;row&#8221; use_row_as_full_screen_section=&#8221;no&#8221; type=&#8221;full_width&#8221; text_align=&#8221;left&#8221; css_animation=&#8221;&#8221;][vc_column][vc_empty_space][\/vc_column][\/vc_row][vc_row row_type=&#8221;row&#8221; use_row_as_full_screen_section=&#8221;yes&#8221; type=&#8221;grid&#8221; text_align=&#8221;left&#8221; background_color=&#8221;#002856&#8243; css_animation=&#8221;&#8221;][vc_column][vc_column_text] Kompetenzen [\/vc_column_text][\/vc_column][\/vc_row][vc_row row_type=&#8221;row&#8221; use_row_as_full_screen_section=&#8221;no&#8221; type=&#8221;full_width&#8221; text_align=&#8221;left&#8221; css_animation=&#8221;&#8221;][vc_column][vc_empty_space][\/vc_column][\/vc_row][vc_row row_type=&#8221;row&#8221; use_row_as_full_screen_section=&#8221;no&#8221; type=&#8221;full_width&#8221; text_align=&#8221;left&#8221; css_animation=&#8221;&#8221;][vc_column offset=&#8221;vc_hidden-xs&#8221;][vc_column_text] Unsere Kompetenzen [\/vc_column_text][\/vc_column][\/vc_row][vc_row row_type=&#8221;row&#8221; use_row_as_full_screen_section=&#8221;no&#8221; type=&#8221;full_width&#8221; text_align=&#8221;left&#8221; css_animation=&#8221;&#8221;][vc_column][vc_empty_space][\/vc_column][\/vc_row][vc_row row_type=&#8221;row&#8221; use_row_as_full_screen_section=&#8221;no&#8221; type=&#8221;full_width&#8221; text_align=&#8221;left&#8221; css_animation=&#8221;&#8221;][vc_column][vc_column_text] Sehen Sie sich unsere Kompetenzen im Detail...","og_url":"https:\/\/c-oms-unternehmensberatung.de\/kompetenzen_lagerverwaltung","og_site_name":"c-oms","article_modified_time":"2017-03-08T19:08:12+00:00","twitter_card":"summary_large_image","twitter_misc":{"Est. reading time":"8 minutes"},"schema":{"@context":"https:\/\/schema.org","@graph":[{"@type":"WebPage","@id":"https:\/\/c-oms-unternehmensberatung.de\/kompetenzen_lagerverwaltung","url":"https:\/\/c-oms-unternehmensberatung.de\/kompetenzen_lagerverwaltung","name":"Kompetenzen_Lagerverwaltung - c-oms","isPartOf":{"@id":"https:\/\/c-oms-unternehmensberatung.de\/#website"},"datePublished":"2017-03-07T20:35:15+00:00","dateModified":"2017-03-08T19:08:12+00:00","breadcrumb":{"@id":"https:\/\/c-oms-unternehmensberatung.de\/kompetenzen_lagerverwaltung#breadcrumb"},"inLanguage":"en-US","potentialAction":[{"@type":"ReadAction","target":["https:\/\/c-oms-unternehmensberatung.de\/kompetenzen_lagerverwaltung"]}]},{"@type":"BreadcrumbList","@id":"https:\/\/c-oms-unternehmensberatung.de\/kompetenzen_lagerverwaltung#breadcrumb","itemListElement":[{"@type":"ListItem","position":1,"name":"Startseite","item":"https:\/\/c-oms-unternehmensberatung.de\/"},{"@type":"ListItem","position":2,"name":"Kompetenzen_Lagerverwaltung"}]},{"@type":"WebSite","@id":"https:\/\/c-oms-unternehmensberatung.de\/#website","url":"https:\/\/c-oms-unternehmensberatung.de\/","name":"c-oms","description":"Unternehmensberatung","publisher":{"@id":"https:\/\/c-oms-unternehmensberatung.de\/#organization"},"potentialAction":[{"@type":"SearchAction","target":{"@type":"EntryPoint","urlTemplate":"https:\/\/c-oms-unternehmensberatung.de\/?s={search_term_string}"},"query-input":"required name=search_term_string"}],"inLanguage":"en-US"},{"@type":"Organization","@id":"https:\/\/c-oms-unternehmensberatung.de\/#organization","name":"C-OMS","url":"https:\/\/c-oms-unternehmensberatung.de\/","logo":{"@type":"ImageObject","inLanguage":"en-US","@id":"https:\/\/c-oms-unternehmensberatung.de\/#\/schema\/logo\/image\/","url":"https:\/\/c-oms-unternehmensberatung.de\/wp-content\/uploads\/2017\/01\/Unbenannt-2.png","contentUrl":"https:\/\/c-oms-unternehmensberatung.de\/wp-content\/uploads\/2017\/01\/Unbenannt-2.png","width":710,"height":330,"caption":"C-OMS"},"image":{"@id":"https:\/\/c-oms-unternehmensberatung.de\/#\/schema\/logo\/image\/"}}]}},"_links":{"self":[{"href":"https:\/\/c-oms-unternehmensberatung.de\/en\/wp-json\/wp\/v2\/pages\/21684"}],"collection":[{"href":"https:\/\/c-oms-unternehmensberatung.de\/en\/wp-json\/wp\/v2\/pages"}],"about":[{"href":"https:\/\/c-oms-unternehmensberatung.de\/en\/wp-json\/wp\/v2\/types\/page"}],"author":[{"embeddable":true,"href":"https:\/\/c-oms-unternehmensberatung.de\/en\/wp-json\/wp\/v2\/users\/1"}],"replies":[{"embeddable":true,"href":"https:\/\/c-oms-unternehmensberatung.de\/en\/wp-json\/wp\/v2\/comments?post=21684"}],"version-history":[{"count":2,"href":"https:\/\/c-oms-unternehmensberatung.de\/en\/wp-json\/wp\/v2\/pages\/21684\/revisions"}],"predecessor-version":[{"id":21727,"href":"https:\/\/c-oms-unternehmensberatung.de\/en\/wp-json\/wp\/v2\/pages\/21684\/revisions\/21727"}],"wp:attachment":[{"href":"https:\/\/c-oms-unternehmensberatung.de\/en\/wp-json\/wp\/v2\/media?parent=21684"}],"curies":[{"name":"wp","href":"https:\/\/api.w.org\/{rel}","templated":true}]}}